{"id":1300,"date":"2024-04-04T12:21:55","date_gmt":"2024-04-04T10:21:55","guid":{"rendered":"https:\/\/planetafilou.com\/?page_id=1300"},"modified":"2025-02-06T17:02:31","modified_gmt":"2025-02-06T16:02:31","slug":"hebergement","status":"publish","type":"page","link":"https:\/\/planetafilou.com\/fr\/hebergement\/","title":{"rendered":"H\u00e9bergement"},"content":{"rendered":"<div class=\"gb-container gb-container-2fa1ba86\">\n<div class=\"gb-container gb-container-e86306a6 scroll\">\n<div class=\"gb-container gb-container-3365488c\">\n\n<h1 class=\"gb-headline gb-headline-12d15b78 gb-headline-text\">Chambres<\/h1>\n\n\n\n<h2 class=\"gb-headline gb-headline-e9751e72 gb-headline-text\">Toutes les chambres sont climatis\u00e9es et <a href=\"#wow-modal-id-1\">\u00e9quip\u00e9<sup>+<\/sup><\/a><\/h2>\n\n<\/div>\n\n<div class=\"gb-container gb-container-e582b16b\">\n<div class=\"gb-container gb-container-9d9a1e62\">\n\n<a class=\"gb-button gb-button-9d0b6366\" href=\"#PANAMARENKO\"><span class=\"gb-icon\"><svg viewbox=\"0 0 24 24\" height=\"24\" width=\"24\" xmlns=\"http:\/\/www.w3.org\/2000\/svg\"><path d=\"M24 10h-10v-10h-4v10h-10v4h10v10h4v-10h10z\"><\/path><\/svg><\/span><span class=\"gb-button-text\">PANAMARENKO<\/span><\/a>\n\n\n\n<a class=\"gb-button gb-button-3bd9612a\" href=\"#SCHIELE\"><span class=\"gb-icon\"><svg xmlns=\"http:\/\/www.w3.org\/2000\/svg\" width=\"24\" height=\"24\" viewbox=\"0 0 24 24\"><path d=\"M24 10h-10v-10h-4v10h-10v4h10v10h4v-10h10z\"><\/path><\/svg><\/span><span class=\"gb-button-text\">SCHIELE<\/span><\/a>\n\n\n\n<a class=\"gb-button gb-button-7f502f33\" href=\"#FOLON\"><span class=\"gb-icon\"><svg xmlns=\"http:\/\/www.w3.org\/2000\/svg\" width=\"24\" height=\"24\" viewbox=\"0 0 24 24\"><path d=\"M24 10h-10v-10h-4v10h-10v4h10v10h4v-10h10z\"><\/path><\/svg><\/span><span class=\"gb-button-text\">FOLON<\/span><\/a>\n\n\n\n<a class=\"gb-button gb-button-b8a76c30\" href=\"#MODY-BIC\"><span class=\"gb-icon\"><svg xmlns=\"http:\/\/www.w3.org\/2000\/svg\" width=\"24\" height=\"24\" viewbox=\"0 0 24 24\"><path d=\"M24 10h-10v-10h-4v10h-10v4h10v10h4v-10h10z\"><\/path><\/svg><\/span><span class=\"gb-button-text\">MODY BIC<\/span><\/a>\n\n<\/div>\n<\/div>\n\n<div class=\"gb-container gb-container-b646d406\">\n\n<h3 class=\"gb-headline gb-headline-98b10329 gb-headline-text\" id=\"PANAMARENKO\">Chambre <a href=\"#wow-modal-id-5\" target=\"_blank\" rel=\"noreferrer noopener\">PANAMARENKO<sup>+<\/sup><\/a><\/h3>\n\n\n\n<p>Lit double et grande salle de bain avec douche <sub>\u2e3b<\/sub> Acc\u00e8s au jardin int\u00e9rieur et sortie sur le balcon avec vue sur la vall\u00e9e. <sub>\u2e3b<\/sub> Acc\u00e8s pour les personnes \u00e0 mobilit\u00e9 r\u00e9duite.<\/p>\n\n\n<div class=\"gb-grid-wrapper gb-grid-wrapper-cbee8936\">\n<div class=\"gb-grid-column gb-grid-column-927d82a4\"><div class=\"gb-container gb-container-927d82a4\"><\/div><\/div>\n\n<div class=\"gb-grid-column gb-grid-column-741b2a59\"><div class=\"gb-container gb-container-741b2a59\"><\/div><\/div>\n\n<div class=\"gb-grid-column gb-grid-column-21e69143\"><div class=\"gb-container gb-container-21e69143\"><\/div><\/div>\n\n<div class=\"gb-grid-column gb-grid-column-ef42bcd5\"><div class=\"gb-container gb-container-ef42bcd5\"><\/div><\/div>\n\n<div class=\"gb-grid-column gb-grid-column-cb5cbc43\"><div class=\"gb-container gb-container-cb5cbc43\"><\/div><\/div>\n<\/div>\n<\/div>\n\n<div class=\"gb-container gb-container-15147704\">\n\n<h3 class=\"gb-headline gb-headline-f7c1ba06 gb-headline-text\" id=\"SCHIELE\">Chambre <a href=\"#wow-modal-id-2\" target=\"_blank\" rel=\"noreferrer noopener\">SCHIELE<sup>+<\/sup><\/a><\/h3>\n\n\n\n<p>Salon confortable et mezzanine avec 2 lits simples <sub>\u2e3b<\/sub> Salle de bain spacieuse avec douche <sub>\u2e3b<\/sub> Acc\u00e8s au jardin int\u00e9rieur et sortie sur le balcon avec vue sur la vall\u00e9e.<\/p>\n\n\n<div class=\"gb-grid-wrapper gb-grid-wrapper-15050a10\">\n<div class=\"gb-grid-column gb-grid-column-a5c168e6\"><div class=\"gb-container gb-container-a5c168e6\"><\/div><\/div>\n\n<div class=\"gb-grid-column gb-grid-column-98bf704a\"><div class=\"gb-container gb-container-98bf704a\"><\/div><\/div>\n\n<div class=\"gb-grid-column gb-grid-column-db1d8478\"><div class=\"gb-container gb-container-db1d8478\"><\/div><\/div>\n\n<div class=\"gb-grid-column gb-grid-column-fbf047d8\"><div class=\"gb-container gb-container-fbf047d8\"><\/div><\/div>\n\n<div class=\"gb-grid-column gb-grid-column-fcf1816b\"><div class=\"gb-container gb-container-fcf1816b\"><\/div><\/div>\n\n<div class=\"gb-grid-column gb-grid-column-1245a476\"><div class=\"gb-container gb-container-1245a476\"><\/div><\/div>\n<\/div>\n<\/div>\n\n<div class=\"gb-container gb-container-d7058320\">\n\n<h3 class=\"gb-headline gb-headline-601307a8 gb-headline-text\" id=\"FOLON\">Chambre <a href=\"#wow-modal-id-6\" data-type=\"link\" data-id=\"https:\/\/fondationfolon.be\/en\/\" target=\"_blank\" rel=\"noreferrer noopener\">FOLON<sup>+<\/sup><\/a><\/h3>\n\n\n\n<p>2 lits simples et grande salle de bain avec douche <sub>\u2e3b<\/sub> Terrasse priv\u00e9e avec vue sur la vall\u00e9e et le village <sub>\u2e3b<\/sub> Acc\u00e8s au jardin sauvage de la maison surplombant le profond ravin. <sub>\u2e3b<\/sub> Table de discussion.<\/p>\n\n\n<div class=\"gb-grid-wrapper gb-grid-wrapper-6184c1c2\">\n<div class=\"gb-grid-column gb-grid-column-f9163c7a\"><div class=\"gb-container gb-container-f9163c7a\"><\/div><\/div>\n\n<div class=\"gb-grid-column gb-grid-column-2ccf2a8d\"><div class=\"gb-container gb-container-2ccf2a8d\"><\/div><\/div>\n\n<div class=\"gb-grid-column gb-grid-column-d8350299\"><div class=\"gb-container gb-container-d8350299\"><\/div><\/div>\n\n<div class=\"gb-grid-column gb-grid-column-e7095e6f\"><div class=\"gb-container gb-container-e7095e6f\"><\/div><\/div>\n\n<div class=\"gb-grid-column gb-grid-column-d44f5256\"><div class=\"gb-container gb-container-d44f5256\"><\/div><\/div>\n<\/div>\n<\/div>\n\n<div class=\"gb-container gb-container-6d6fb817\">\n\n<h3 class=\"gb-headline gb-headline-fd8837c9 gb-headline-text\" id=\"MODY-BIC\">Salle MODY BIC<\/h3>\n\n\n\n<p>Lit double, lit simple superpos\u00e9 et grande salle de bain avec douche. <sub>\u2e3b<\/sub> Balcon avec vue sur la vall\u00e9e et la chapelle San Jos\u00e9 <sub>\u2e3b<\/sub> Acc\u00e8s au jardin sauvage de la maison surplombant le profond ravin. <sub>\u2e3b<\/sub> Table de discussion.<\/p>\n\n\n<div class=\"gb-grid-wrapper gb-grid-wrapper-127b0ee7\">\n<div class=\"gb-grid-column gb-grid-column-51b0022d\"><div class=\"gb-container gb-container-51b0022d\"><\/div><\/div>\n\n<div class=\"gb-grid-column gb-grid-column-f6a42e06\"><div class=\"gb-container gb-container-f6a42e06\"><\/div><\/div>\n\n<div class=\"gb-grid-column gb-grid-column-0396dc28\"><div class=\"gb-container gb-container-0396dc28\"><\/div><\/div>\n\n<div class=\"gb-grid-column gb-grid-column-555dc736\"><div class=\"gb-container gb-container-555dc736\"><\/div><\/div>\n\n<div class=\"gb-grid-column gb-grid-column-d59ad853\"><div class=\"gb-container gb-container-d59ad853\"><\/div><\/div>\n<\/div>\n<\/div>\n<\/div>\n\n<div class=\"gb-container gb-container-12ab89e7\">\n<div class=\"gb-container gb-container-aeab4532\">\n\n<h1 class=\"gb-headline gb-headline-9afb03e2 gb-headline-text\">Plat<\/h1>\n\n\n\n<h2 class=\"gb-headline gb-headline-00fc4e36 gb-headline-text\">Il s'agit d'un \u00e9tablissement ind\u00e9pendant situ\u00e9 dans la partie sup\u00e9rieure de Filou. <\/h2>\n\n<\/div>\n\n<div class=\"gb-container gb-container-8dd80a6d\">\n\n<h3 class=\"gb-headline gb-headline-814b4e35 gb-headline-text\">Il ressemble \u00e0 une petite maison. L'entr\u00e9e se fait par un beau jardin priv\u00e9 avec vue sur la vall\u00e9e et l'ermitage.<\/h3>\n\n\n\n<h3 class=\"gb-headline gb-headline-128b7d7e gb-headline-text\">C'est le cas :<\/h3>\n\n\n<div class=\"gb-container gb-container-bda92c7d\">\n\n<p><sub>\u2e3b<\/sub> La cuisine fait face \u00e0 une grande fen\u00eatre donnant sur le paysage pendant que vous pr\u00e9parez votre petit d\u00e9jeuner <sub>\u2e3b<\/sub> (lorsque vous pr\u00e9parez le d\u00e9jeuner ou le d\u00eener, il donne \u00e9galement sur le paysage).<\/p>\n\n\n\n<p><sub>\u2e3b<\/sub> Salle \u00e0 manger.<\/p>\n\n\n\n<p><sub>\u2e3b<\/sub> Salle de s\u00e9jour avec cuisini\u00e8re \u00e0 bois et acc\u00e8s direct au jardin priv\u00e9.<\/p>\n\n\n\n<p><sub>\u2e3b<\/sub> Chambre avec deux lits simples, bureau, salle de bain avec baignoire et acc\u00e8s direct au jardin sauvage. <sub>\u2e3b<\/sub> (ne vous inqui\u00e9tez pas : la sortie directe vers le jardin sauvage ne se fait pas par la baignoire).&nbsp;&nbsp;<\/p>\n\n<\/div>\n\n<div class=\"gb-grid-wrapper gb-grid-wrapper-93e4ea67\">\n<div class=\"gb-grid-column gb-grid-column-fd6ca850\"><div class=\"gb-container gb-container-fd6ca850\"><\/div><\/div>\n\n<div class=\"gb-grid-column gb-grid-column-48b01c64\"><div class=\"gb-container gb-container-48b01c64\"><\/div><\/div>\n\n<div class=\"gb-grid-column gb-grid-column-c9986615\"><div class=\"gb-container gb-container-c9986615\"><\/div><\/div>\n\n<div class=\"gb-grid-column gb-grid-column-99f22e5d\"><div class=\"gb-container gb-container-99f22e5d\"><\/div><\/div>\n\n<div class=\"gb-grid-column gb-grid-column-9c008b41\"><div class=\"gb-container gb-container-9c008b41\"><\/div><\/div>\n\n<div class=\"gb-grid-column gb-grid-column-b5bbec8a\"><div class=\"gb-container gb-container-b5bbec8a\"><\/div><\/div>\n\n<div class=\"gb-grid-column gb-grid-column-59e4da71\"><div class=\"gb-container gb-container-59e4da71\"><\/div><\/div>\n\n<div class=\"gb-grid-column gb-grid-column-38f6e68a\"><div class=\"gb-container gb-container-38f6e68a\"><\/div><\/div>\n\n<div class=\"gb-grid-column gb-grid-column-6a545056\"><div class=\"gb-container gb-container-6a545056\"><\/div><\/div>\n<\/div>\n<\/div>\n<\/div>\n<\/div>\n\n<div class=\"gb-container gb-container-ad7634e9\">\n\n<div class=\"wp-block-group alignfull\"><div class=\"wp-block-group__inner-container is-layout-constrained wp-container-core-group-is-layout-4b07d187 wp-block-group-is-layout-constrained\">\n<h2 class=\"gb-headline gb-headline-880b9773 gb-headline-text\">Tarifs 2025\u2e3bBook 4 nights in our rural house and stay 6...<\/h2>\n\n\n\n<h2 class=\"gb-headline gb-headline-1199246b gb-headline-text\"><\/h2>\n\n\n\n<p><\/p>\n\n\n\n<p><\/p>\n\n\n\n<p><\/p>\n\n\n\n<h3 class=\"gb-headline gb-headline-48748482 gb-headline-text\">8 personnes : appartement + 3 chambres, 4 salles de bain, cuisine et salle \u00e0 manger \u2192 1.670\u20ac\/semaine<br><\/h3>\n\n\n\n<h3 class=\"gb-headline gb-headline-c6b8a417 gb-headline-text\"><br>6 personnes : appartement + 2 chambres, 3 salles de bain, cuisine et salle \u00e0 manger \u2192 1.340\u20ac\/semaine<br><\/h3>\n\n\n\n<h3 class=\"gb-headline gb-headline-1e35ebed gb-headline-text\"><br>4 personnes : appartement + 1 chambre, 2 salles de bain, cuisine et salle \u00e0 manger \u2192 1.010\u20ac\/semaine<br><\/h3>\n\n\n\n<h3 class=\"gb-headline gb-headline-cb6e2291 gb-headline-text\"><br>2 personnes : appartement avec 1 salle de bain, cuisine et salle \u00e0 manger \u2192 680\u20ac\/semaine<\/h3>\n\n\n\n<p><br><\/p>\n\n\n\n<h3 class=\"gb-headline gb-headline-e51bf8ca gb-headline-text\"><\/h3>\n\n\n\n<h3 class=\"gb-headline gb-headline-afd715cb gb-headline-text\">2 personnes | 1 chambre, lit double, avec salle de bain priv\u00e9e \u2192 400\u20ac\/semaine<\/h3>\n\n\n\n<p><\/p>\n\n\n\n<p><\/p>\n\n\n\n<h3 class=\"gb-headline gb-headline-10b257e6 gb-headline-text\">\u2e3b Petit d\u00e9jeuner \u20ac15\/personne<\/h3>\n\n\n\n<p><\/p>\n\n\n\n<h3 class=\"gb-headline gb-headline-9437b383 gb-headline-text\"><\/h3>\n\n\n\n<p><\/p>\n\n\n\n<p>Les prix s'entendent TVA comprise.<\/p>\n\n\n\n<p>Lit suppl\u00e9mentaire : 30\u20ac\/personne\/nuit.<\/p>\n\n\n\n<p>D\u00e9p\u00f4t de garantie : entre 250 et 600 euros.<\/p>\n\n\n\n<p>Une semaine \u00e9quivaut \u00e0 4, 5 ou 6 nuits.<\/p>\n\n\n\n<p>Les animaux domestiques ne sont pas autoris\u00e9s.<\/p>\n\n\n\n<p>Pour les s\u00e9jours plus courts et le Moto GP, veuillez demander un devis.<\/p>\n\n\n\n<p><\/p>\n\n\n\n<p><\/p>\n\n\n\n<p>\u2e3bNous louons \u00e0 la semaine pour un tourisme plus \u00e9cologique et durable, en prenant soin de la plan\u00e8te et en offrant une option plus abordable.<\/p>\n<\/div><\/div>\n\n\n\n<p class=\"has-text-align-center\"><\/p>\n\n<\/div>","protected":false},"excerpt":{"rendered":"<p>Chambres Toutes les chambres sont climatis\u00e9es et \u00e9quip\u00e9es+ Chambre PANAMARENKO+ Lit double et grande salle de bain avec douche \u2e3b Acc\u00e8s au jardin int\u00e9rieur et sortie sur le balcon avec vue sur la vall\u00e9e \u2e3b Acc\u00e8s pour les personnes \u00e0 mobilit\u00e9 r\u00e9duite. Chambre SCHIELE+ Salon confortable et mezzanine avec 2 lits simples \u2e3b Salle de bain spacieuse avec douche \u2e3b Acc\u00e8s au jardin int\u00e9rieur \u2e3b Acc\u00e8s au balcon avec vue sur la vall\u00e9e \u2e3b Acc\u00e8s au balcon avec vue sur la vall\u00e9e \u2e3b Acc\u00e8s aux personnes \u00e0 mobilit\u00e9 r\u00e9duite. <a title=\"H\u00e9bergement\" class=\"read-more\" href=\"https:\/\/planetafilou.com\/fr\/hebergement\/\" aria-label=\"En savoir plus sur l&#039;h\u00e9bergement\">En savoir plus<\/a><\/p>","protected":false},"author":1,"featured_media":1585,"parent":0,"menu_order":2,"comment_status":"closed","ping_status":"closed","template":"","meta":{"footnotes":""},"class_list":["post-1300","page","type-page","status-publish","has-post-thumbnail"],"_links":{"self":[{"href":"https:\/\/planetafilou.com\/fr\/wp-json\/wp\/v2\/pages\/1300","targetHints":{"allow":["GET"]}}],"collection":[{"href":"https:\/\/planetafilou.com\/fr\/wp-json\/wp\/v2\/pages"}],"about":[{"href":"https:\/\/planetafilou.com\/fr\/wp-json\/wp\/v2\/types\/page"}],"author":[{"embeddable":true,"href":"https:\/\/planetafilou.com\/fr\/wp-json\/wp\/v2\/users\/1"}],"replies":[{"embeddable":true,"href":"https:\/\/planetafilou.com\/fr\/wp-json\/wp\/v2\/comments?post=1300"}],"version-history":[{"count":27,"href":"https:\/\/planetafilou.com\/fr\/wp-json\/wp\/v2\/pages\/1300\/revisions"}],"predecessor-version":[{"id":2541,"href":"https:\/\/planetafilou.com\/fr\/wp-json\/wp\/v2\/pages\/1300\/revisions\/2541"}],"wp:featuredmedia":[{"embeddable":true,"href":"https:\/\/planetafilou.com\/fr\/wp-json\/wp\/v2\/media\/1585"}],"wp:attachment":[{"href":"https:\/\/planetafilou.com\/fr\/wp-json\/wp\/v2\/media?parent=1300"}],"curies":[{"name":"wp","href":"https:\/\/api.w.org\/{rel}","templated":true}]}}