{"id":1302,"date":"2024-04-04T12:21:18","date_gmt":"2024-04-04T10:21:18","guid":{"rendered":"https:\/\/planetafilou.com\/?page_id=1302"},"modified":"2024-09-11T18:14:42","modified_gmt":"2024-09-11T16:14:42","slug":"bar-pop-up","status":"publish","type":"page","link":"https:\/\/planetafilou.com\/fr\/bar-pop-up\/","title":{"rendered":"Barre pop-up"},"content":{"rendered":"<div class=\"gb-container gb-container-a5a5d191\">\n<div class=\"gb-container gb-container-44382512\">\n\n<h1 class=\"gb-headline gb-headline-7417df22 gb-headline-text\"><strong>Barre pop-up<\/strong><\/h1>\n\n\n\n<p class=\"gb-headline gb-headline-5e3e5e0d gb-headline-text\"><strong>Entre le jardin et le salon, il y a un bar instantan\u00e9 qui fonctionne occasionnellement \u00e0 certaines heures et o\u00f9 l'on peut boire des bi\u00e8res belges, des vins, des cocktails, des mocktails et d'autres raret\u00e9s, accompagn\u00e9s de snacks faits \u00e0 la main qui sont tr\u00e8s bons et qui ne se ressemblent jamais.&nbsp;<\/strong><\/p>\n\n\n<div class=\"gb-container gb-container-720b08f1\">\n<div class=\"gb-grid-wrapper gb-grid-wrapper-aff98156\">\n<div class=\"gb-grid-column gb-grid-column-fdae92da\"><div class=\"gb-container gb-container-fdae92da\">\n\n<h3 class=\"gb-headline gb-headline-52ecb1af gb-headline-text\"><sub>\u2e3b<\/sub> Le Filou Pop-up Bar est comme un objet volant non identifi\u00e9, \u00e0 la diff\u00e9rence qu'avant d'appara\u00eetre, il pr\u00e9vient...<\/h3>\n\n<\/div><\/div>\n<\/div>\n<\/div>\n<\/div>\n<\/div>\n\n<div class=\"gb-container gb-container-20a58682\">\n<div class=\"gb-container gb-container-71966847\">\n\n<h2 class=\"gb-headline gb-headline-08e82fd6 gb-headline-text\">Surveillez notre <a href=\"https:\/\/www.instagram.com\/filou_planeta\/\" data-type=\"link\" data-id=\"https:\/\/www.instagram.com\/filou_planeta\/\" target=\"_blank\" rel=\"noreferrer noopener\">instagram<\/a> o <a href=\"#wow-modal-id-3\">newsplanet<\/a> o\u00f9 nous vous informerons du prochain Pop-Up.<br><\/h2>\n\n\n<div class=\"gb-grid-wrapper gb-grid-wrapper-95bb4b1e\">\n<div class=\"gb-grid-column gb-grid-column-1ee30de7\"><div class=\"gb-container gb-container-1ee30de7\"><\/div><\/div>\n\n<div class=\"gb-grid-column gb-grid-column-a0224d61\"><div class=\"gb-container gb-container-a0224d61\"><\/div><\/div>\n\n<div class=\"gb-grid-column gb-grid-column-f8fbcd30\"><div class=\"gb-container gb-container-f8fbcd30\"><\/div><\/div>\n\n<div class=\"gb-grid-column gb-grid-column-7ecd2d08\"><div class=\"gb-container gb-container-7ecd2d08\"><\/div><\/div>\n\n<div class=\"gb-grid-column gb-grid-column-66d0c289\"><div class=\"gb-container gb-container-66d0c289\"><\/div><\/div>\n\n<div class=\"gb-grid-column gb-grid-column-0372896f\"><div class=\"gb-container gb-container-0372896f\"><\/div><\/div>\n\n<div class=\"gb-grid-column gb-grid-column-e6f5642e\"><div class=\"gb-container gb-container-e6f5642e\"><\/div><\/div>\n\n<div class=\"gb-grid-column gb-grid-column-2c231c85\"><div class=\"gb-container gb-container-2c231c85\"><\/div><\/div>\n\n<div class=\"gb-grid-column gb-grid-column-751ae71a\"><div class=\"gb-container gb-container-751ae71a\"><\/div><\/div>\n\n<div class=\"gb-grid-column gb-grid-column-cc728c53\"><div class=\"gb-container gb-container-cc728c53\"><\/div><\/div>\n<\/div>\n<\/div>\n<\/div>","protected":false},"excerpt":{"rendered":"<p>Pop-up bar Entre le jardin et le salon, un pop-up bar est install\u00e9 de temps \u00e0 autre. Il dure un certain temps et vous pouvez y boire des bi\u00e8res belges, des vins, des cocktails, des mocktails et d'autres raret\u00e9s, accompagn\u00e9s de snacks faits \u00e0 la main qui sont tr\u00e8s bons et jamais les m\u00eames.  Gardez un \u0153il sur notre instagram ou notre newsplanet o\u00f9 ... <a title=\"Barre pop-up\" class=\"read-more\" href=\"https:\/\/planetafilou.com\/fr\/bar-pop-up\/\" aria-label=\"En savoir plus sur le bar pop-up\">En savoir plus<\/a><\/p>","protected":false},"author":1,"featured_media":1668,"parent":0,"menu_order":3,"comment_status":"closed","ping_status":"closed","template":"","meta":{"footnotes":""},"class_list":["post-1302","page","type-page","status-publish","has-post-thumbnail"],"_links":{"self":[{"href":"https:\/\/planetafilou.com\/fr\/wp-json\/wp\/v2\/pages\/1302","targetHints":{"allow":["GET"]}}],"collection":[{"href":"https:\/\/planetafilou.com\/fr\/wp-json\/wp\/v2\/pages"}],"about":[{"href":"https:\/\/planetafilou.com\/fr\/wp-json\/wp\/v2\/types\/page"}],"author":[{"embeddable":true,"href":"https:\/\/planetafilou.com\/fr\/wp-json\/wp\/v2\/users\/1"}],"replies":[{"embeddable":true,"href":"https:\/\/planetafilou.com\/fr\/wp-json\/wp\/v2\/comments?post=1302"}],"version-history":[{"count":1,"href":"https:\/\/planetafilou.com\/fr\/wp-json\/wp\/v2\/pages\/1302\/revisions"}],"predecessor-version":[{"id":2484,"href":"https:\/\/planetafilou.com\/fr\/wp-json\/wp\/v2\/pages\/1302\/revisions\/2484"}],"wp:featuredmedia":[{"embeddable":true,"href":"https:\/\/planetafilou.com\/fr\/wp-json\/wp\/v2\/media\/1668"}],"wp:attachment":[{"href":"https:\/\/planetafilou.com\/fr\/wp-json\/wp\/v2\/media?parent=1302"}],"curies":[{"name":"wp","href":"https:\/\/api.w.org\/{rel}","templated":true}]}}