{"id":1306,"date":"2024-04-04T12:21:48","date_gmt":"2024-04-04T10:21:48","guid":{"rendered":"https:\/\/planetafilou.com\/?page_id=1306"},"modified":"2025-02-01T09:28:51","modified_gmt":"2025-02-01T08:28:51","slug":"bourses-dartistes","status":"publish","type":"page","link":"https:\/\/planetafilou.com\/fr\/bourses-dartistes\/","title":{"rendered":"Bourses pour artistes"},"content":{"rendered":"<div class=\"gb-container gb-container-20a58682\">\n<div class=\"gb-container gb-container-71966847\">\n\n<h1 class=\"gb-headline gb-headline-08e82fd6 gb-headline-text\">Bourse pour artistes : \u00e9change logement-action&nbsp;<\/h1>\n\n\n\n<p class=\"has-text-align-center has-base-2-color has-text-color has-link-color wp-elements-5ffbdf55773ddf56f391e9dc590999b4\">Chez Filou, nous aimons l'art et encore plus les cr\u00e9ateurs. C'est pourquoi nous avons cr\u00e9\u00e9 cette bourse pour faciliter votre s\u00e9jour ici. Nous voulons remplir cet endroit d'esprits cr\u00e9atifs.&nbsp;<\/p>\n\n\n\n<h2 class=\"gb-headline gb-headline-a1caea48 gb-headline-text\">Vous \u00eates artiste et vous souhaitez disposer d'un logement et d'un atelier en pleine nature ? <\/h2>\n\n\n\n<h3 class=\"gb-headline gb-headline-4ef6fc84 gb-headline-text\">Filou vous offre la possibilit\u00e9 de gagner une bourse qui vous permettra de passer une saison dans ses installations, situ\u00e9es au milieu d'une vall\u00e9e m\u00e9diterran\u00e9enne.<\/h3>\n\n\n<div class=\"gb-container gb-container-685d55ea\">\n\n<a class=\"gb-button gb-button-cfbc0449\" href=\"https:\/\/planetafilou.com\/archivos\/Grant_artists_may2025.pdf\" target=\"_blank\" rel=\"noopener noreferrer\"><span class=\"gb-icon\"><svg viewbox=\"0 0 24 24\" height=\"24\" width=\"24\" xmlns=\"http:\/\/www.w3.org\/2000\/svg\"><path d=\"M24 10h-10v-10h-4v10h-10v4h10v10h4v-10h10z\"><\/path><\/svg><\/span><span class=\"gb-button-text\">Toutes les informations ici<\/span><\/a>\n\n<\/div>\n<\/div>\n<\/div>","protected":false},"excerpt":{"rendered":"<p>Bourse pour artistes : \u00e9change de logement contre action Chez Filou, nous aimons l'art et encore plus les cr\u00e9ateurs. C'est pourquoi nous avons cr\u00e9\u00e9 cette bourse afin de faciliter votre s\u00e9jour. Nous voulons remplir cet endroit d'esprits cr\u00e9atifs. Vous \u00eates artiste et vous souhaitez disposer d'un logement et d'un atelier en pleine nature ? Filou vous offre la possibilit\u00e9 de ... <a title=\"Bourses pour artistes\" class=\"read-more\" href=\"https:\/\/planetafilou.com\/fr\/bourses-dartistes\/\" aria-label=\"En savoir plus sur les bourses pour artistes\">En savoir plus<\/a><\/p>","protected":false},"author":1,"featured_media":1261,"parent":0,"menu_order":4,"comment_status":"closed","ping_status":"closed","template":"","meta":{"footnotes":""},"class_list":["post-1306","page","type-page","status-publish","has-post-thumbnail"],"_links":{"self":[{"href":"https:\/\/planetafilou.com\/fr\/wp-json\/wp\/v2\/pages\/1306","targetHints":{"allow":["GET"]}}],"collection":[{"href":"https:\/\/planetafilou.com\/fr\/wp-json\/wp\/v2\/pages"}],"about":[{"href":"https:\/\/planetafilou.com\/fr\/wp-json\/wp\/v2\/types\/page"}],"author":[{"embeddable":true,"href":"https:\/\/planetafilou.com\/fr\/wp-json\/wp\/v2\/users\/1"}],"replies":[{"embeddable":true,"href":"https:\/\/planetafilou.com\/fr\/wp-json\/wp\/v2\/comments?post=1306"}],"version-history":[{"count":2,"href":"https:\/\/planetafilou.com\/fr\/wp-json\/wp\/v2\/pages\/1306\/revisions"}],"predecessor-version":[{"id":2498,"href":"https:\/\/planetafilou.com\/fr\/wp-json\/wp\/v2\/pages\/1306\/revisions\/2498"}],"wp:featuredmedia":[{"embeddable":true,"href":"https:\/\/planetafilou.com\/fr\/wp-json\/wp\/v2\/media\/1261"}],"wp:attachment":[{"href":"https:\/\/planetafilou.com\/fr\/wp-json\/wp\/v2\/media?parent=1306"}],"curies":[{"name":"wp","href":"https:\/\/api.w.org\/{rel}","templated":true}]}}