{"id":1308,"date":"2024-04-04T12:21:06","date_gmt":"2024-04-04T10:21:06","guid":{"rendered":"https:\/\/planetafilou.com\/?page_id=1308"},"modified":"2024-06-21T11:32:15","modified_gmt":"2024-06-21T09:32:15","slug":"belmonte","status":"publish","type":"page","link":"https:\/\/planetafilou.com\/fr\/belmonte\/","title":{"rendered":"Belmonte"},"content":{"rendered":"<div class=\"gb-container gb-container-b2026cdb\">\n<div class=\"gb-container gb-container-845db794 sticky\">\n<div class=\"gb-container gb-container-00f9b71a\">\n\n<a class=\"gb-button gb-button-cfbc0449\" href=\"https:\/\/maps.app.goo.gl\/rFcARHam8SL1zfPf6\" target=\"_blank\" rel=\"noopener noreferrer\"><span class=\"gb-icon\"><svg viewbox=\"0 0 24 24\" height=\"24\" width=\"24\" xmlns=\"http:\/\/www.w3.org\/2000\/svg\"><path d=\"M24 10h-10v-10h-4v10h-10v4h10v10h4v-10h10z\"><\/path><\/svg><\/span><span class=\"gb-button-text\">Carte Google<\/span><\/a>\n\n\n\n<a class=\"gb-button gb-button-080b8d11\" href=\"#wow-modal-id-4\" target=\"_blank\" rel=\"noopener noreferrer\"><span class=\"gb-icon\"><svg viewbox=\"0 0 24 24\" height=\"24\" width=\"24\" xmlns=\"http:\/\/www.w3.org\/2000\/svg\"><path d=\"M24 10h-10v-10h-4v10h-10v4h10v10h4v-10h10z\"><\/path><\/svg><\/span><span class=\"gb-button-text\">distances et transports<\/span><\/a>\n\n<\/div>\n<\/div>\n\n<div class=\"gb-container gb-container-e3612e7a\">\n<div class=\"gb-container gb-container-9768ce7b\">\n\n<h1 class=\"gb-headline gb-headline-53921eb3 gb-headline-text\">Belmonte<\/h1>\n\n\n\n<h2 class=\"gb-headline gb-headline-12f4c160 gb-headline-text\">Belmonte de San Jos\u00e9 est un village inexistant dans la r\u00e9gion inexistante de Teruel.<\/h2>\n\n\n\n<h3 class=\"gb-headline gb-headline-ec544f17 gb-headline-text\">Un village de 100 habitants cach\u00e9 dans une vall\u00e9e m\u00e9diterran\u00e9enne, entre Matarra\u00f1a et Bajo Arag\u00f3n. <\/h3>\n\n\n\n<p class=\"gb-headline gb-headline-f6fab354 gb-headline-text\">En entrant dans Belmonte, vous verrez de vieilles maisons aux portes et fen\u00eatres fleuries, un grand bar, un petit magasin, le refuge des \u00e9crivains, une belle \u00e9glise qui joue de l'orgue et chante les heures, et de nombreux chemins et sentiers o\u00f9 vous pourrez vous promener en solitaire sous le bleu de la M\u00e9diterran\u00e9e. <\/p>\n\n\n\n<p class=\"gb-headline gb-headline-bc0c5627 gb-headline-text\">Oui, la M\u00e9diterran\u00e9e et la solitude. Deux concepts magiques qui, sur ces terres seulement, vont naturellement de pair. Ce n'est que pendant les mois d'\u00e9t\u00e9 qu'il y a plus de monde que d'habitude, car les vacanciers arrivent, attir\u00e9s par l'oxyg\u00e8ne, la tranquillit\u00e9 et la piscine municipale, situ\u00e9e en pleine campagne.<\/p>\n\n\n<div class=\"gb-grid-wrapper gb-grid-wrapper-95bb4b1e\">\n<div class=\"gb-grid-column gb-grid-column-751ae71a\"><div class=\"gb-container gb-container-751ae71a\"><\/div><\/div>\n\n<div class=\"gb-grid-column gb-grid-column-7ecd2d08\"><div class=\"gb-container gb-container-7ecd2d08\"><\/div><\/div>\n\n<div class=\"gb-grid-column gb-grid-column-1ee30de7\"><div class=\"gb-container gb-container-1ee30de7\"><\/div><\/div>\n\n<div class=\"gb-grid-column gb-grid-column-fbc762a8\"><div class=\"gb-container gb-container-fbc762a8\"><\/div><\/div>\n<\/div>\n\n\n<h2 class=\"gb-headline gb-headline-6a6988bf gb-headline-text\">Nous avons aussi un ermitage : L'ermitage de San Jos\u00e9 (qui \u00e9tait vraiment un saint). <\/h2>\n\n\n\n<p class=\"gb-headline gb-headline-45825fe6 gb-headline-text\">Un endroit merveilleux pour se promener sur son sentier doux ou sur sa pente moins douce, un peu plus raide mais tr\u00e8s saine ; si vous la grimpez, vous aurez des jambes fortes et formidables. Le parcours commence \u00e0 El Cam\u00ed de la sort, Camino de la suerte en espagnol, un parcours que nous avons la chance d'avoir \u00e0 10 minutes \u00e0 pied de la plan\u00e8te Filou. <\/p>\n\n\n\n<p class=\"gb-headline gb-headline-bbd62780 gb-headline-text\">Ici, nous avons de nombreux itin\u00e9raires : <\/p>\n\n\n\n<p class=\"gb-headline gb-headline-56c82057 gb-headline-text\">\u2e3b celui de la Vall\u00e9e de la Lune.<br>\u2e3b Et le chemin de La Cerollera. <br>\u2e3b Et le fondo Cam\u00ed del barranc qui vous emm\u00e8ne au paradis des grosses pierres pr\u00e9cieuses, le long du chemin vous passerez sous certaines d'entre elles, mais ne vous inqui\u00e9tez pas, vous ne serez pas \u00e9cras\u00e9. <br>\u2e3b Et quelle belle vue depuis le belv\u00e9d\u00e8re ; nous avons en fait deux belv\u00e9d\u00e8res, l'un dans le village et l'autre au-dessus, et des deux on peut voir les \u00e9toiles briller (assurez-vous que c'est la nuit) avec l'intensit\u00e9 qui vient de l'absence de pollution lumineuse. <strong>Belmonte et pollution sont oppos\u00e9s, car l'air y a un go\u00fbt de paradis.<\/strong> (c'est banal mais c'est vrai). <\/p>\n\n\n\n<h2 class=\"gb-headline gb-headline-775e04d4 gb-headline-text\">Demandez \u00e0 n'importe qui et il vous le dira : \u00e0 Belmonte, on vient aussi pour respirer. C'est vrai, ici on respire. Ici, on respire dans tous les sens du terme.<\/h2>\n\n\n<div class=\"gb-grid-wrapper gb-grid-wrapper-802a067a\">\n<div class=\"gb-grid-column gb-grid-column-fe0ab28d\"><div class=\"gb-container gb-container-fe0ab28d\"><\/div><\/div>\n\n<div class=\"gb-grid-column gb-grid-column-9d4924f4\"><div class=\"gb-container gb-container-9d4924f4\"><\/div><\/div>\n\n<div class=\"gb-grid-column gb-grid-column-fbd0d056\"><div class=\"gb-container gb-container-fbd0d056\"><\/div><\/div>\n<\/div>\n<\/div>\n\n<div class=\"gb-container gb-container-1d326334\">\n\n<a class=\"gb-button gb-button-8b313248\" href=\"https:\/\/www.matarranyaturismo.es\/\" target=\"_blank\" rel=\"noopener noreferrer\"><span class=\"gb-icon\"><svg viewbox=\"0 0 24 24\" height=\"24\" width=\"24\" xmlns=\"http:\/\/www.w3.org\/2000\/svg\"><path d=\"M24 10h-10v-10h-4v10h-10v4h10v10h4v-10h10z\"><\/path><\/svg><\/span><span class=\"gb-button-text\">matarranyaturismo.es<\/span><\/a>\n\n\n\n<a class=\"gb-button gb-button-9c7ef292\" href=\"https:\/\/visitbajoaragon.com\/\" target=\"_blank\" rel=\"noopener noreferrer\"><span class=\"gb-icon\"><svg viewbox=\"0 0 24 24\" height=\"24\" width=\"24\" xmlns=\"http:\/\/www.w3.org\/2000\/svg\"><path d=\"M24 10h-10v-10h-4v10h-10v4h10v10h4v-10h10z\"><\/path><\/svg><\/span><span class=\"gb-button-text\">visiterbajoaragon.com<\/span><\/a>\n\n\n\n<a class=\"gb-button gb-button-7ea0ef8f\" href=\"https:\/\/www.senderosfam.es\/buscador\" target=\"_blank\" rel=\"noopener noreferrer\"><span class=\"gb-icon\"><svg viewbox=\"0 0 24 24\" height=\"24\" width=\"24\" xmlns=\"http:\/\/www.w3.org\/2000\/svg\"><path d=\"M24 10h-10v-10h-4v10h-10v4h10v10h4v-10h10z\"><\/path><\/svg><\/span><span class=\"gb-button-text\">senderosfam.es<\/span><\/a>\n\n\n\n<a class=\"gb-button gb-button-fc55d9d9\" href=\"https:\/\/www.belmontedesanjose.es\/\" target=\"_blank\" rel=\"noopener noreferrer\"><span class=\"gb-icon\"><svg viewbox=\"0 0 24 24\" height=\"24\" width=\"24\" xmlns=\"http:\/\/www.w3.org\/2000\/svg\"><path d=\"M24 10h-10v-10h-4v10h-10v4h10v10h4v-10h10z\"><\/path><\/svg><\/span><span class=\"gb-button-text\">belmontedesanjose.es<\/span><\/a>\n\n<\/div>\n<\/div>\n<\/div>","protected":false},"excerpt":{"rendered":"<p>Belmonte Belmonte de San Jos\u00e9 est un village inexistant dans l'inexistant Teruel. Un village de 100 habitants cach\u00e9 dans une vall\u00e9e m\u00e9diterran\u00e9enne, entre la Matarra\u00f1a et le Bajo Arag\u00f3n. En entrant dans Belmonte, vous verrez de vieilles maisons avec beaucoup de fleurs sur les portes et les fen\u00eatres, un grand bar, un petit magasin, le refuge des \u00e9crivains, ... <a title=\"Belmonte\" class=\"read-more\" href=\"https:\/\/planetafilou.com\/fr\/belmonte\/\" aria-label=\"En savoir plus sur Belmonte\">En savoir plus<\/a><\/p>","protected":false},"author":1,"featured_media":2190,"parent":0,"menu_order":6,"comment_status":"closed","ping_status":"closed","template":"","meta":{"footnotes":""},"class_list":["post-1308","page","type-page","status-publish","has-post-thumbnail"],"_links":{"self":[{"href":"https:\/\/planetafilou.com\/fr\/wp-json\/wp\/v2\/pages\/1308","targetHints":{"allow":["GET"]}}],"collection":[{"href":"https:\/\/planetafilou.com\/fr\/wp-json\/wp\/v2\/pages"}],"about":[{"href":"https:\/\/planetafilou.com\/fr\/wp-json\/wp\/v2\/types\/page"}],"author":[{"embeddable":true,"href":"https:\/\/planetafilou.com\/fr\/wp-json\/wp\/v2\/users\/1"}],"replies":[{"embeddable":true,"href":"https:\/\/planetafilou.com\/fr\/wp-json\/wp\/v2\/comments?post=1308"}],"version-history":[{"count":0,"href":"https:\/\/planetafilou.com\/fr\/wp-json\/wp\/v2\/pages\/1308\/revisions"}],"wp:featuredmedia":[{"embeddable":true,"href":"https:\/\/planetafilou.com\/fr\/wp-json\/wp\/v2\/media\/2190"}],"wp:attachment":[{"href":"https:\/\/planetafilou.com\/fr\/wp-json\/wp\/v2\/media?parent=1308"}],"curies":[{"name":"wp","href":"https:\/\/api.w.org\/{rel}","templated":true}]}}