{"id":3,"date":"2024-04-04T12:21:28","date_gmt":"2024-04-04T10:21:28","guid":{"rendered":"https:\/\/planetafilou.com\/?page_id=3"},"modified":"2024-06-21T11:32:30","modified_gmt":"2024-06-21T09:32:30","slug":"politique-en-matiere-de-protection-de-la-vie-privee-et-de-cookies","status":"publish","type":"page","link":"https:\/\/planetafilou.com\/fr\/politique-en-matiere-de-protection-de-la-vie-privee-et-de-cookies\/","title":{"rendered":"Politique de confidentialit\u00e9 et cookies"},"content":{"rendered":"<div class=\"gb-container gb-container-9e748341\">\n\n<h1 class=\"gb-headline gb-headline-df2d8a14 gb-headline-text\">Pol\u00edtica de privacidad y cookies<\/h1>\n\n\n\n<p>El sitio web&nbsp;<strong>planetafilou.com<\/strong>&nbsp;es propiedad de Casa-jard\u00edn Filou. Hemos adoptado esta Pol\u00edtica de privacidad, que determina c\u00f3mo procesamos la informaci\u00f3n recopilada en esta web y proporciona las razones por las que recopilamos ciertos datos. Por lo tanto, debes leer esta Pol\u00edtica de privacidad antes de usar este sitio web.<\/p>\n\n\n\n<h2 class=\"wp-block-heading\">Cuidamos tus datos personales y nos comprometemos a garantizar su confidencialidad y seguridad.<\/h2>\n\n\n\n<h3 class=\"wp-block-heading\">Informaci\u00f3n personal que recopilamos:<\/h3>\n\n\n\n<p>Cuando visitas nuestra web recopilamos autom\u00e1ticamente cierta informaci\u00f3n sobre tu dispositivo, incluida informaci\u00f3n sobre tu navegador web, direcci\u00f3n IP o zona horaria. Adem\u00e1s, a medida que navegas, recopilamos informaci\u00f3n sobre c\u00f3mo interact\u00faas. Nos referimos a esta informaci\u00f3n recopilada autom\u00e1ticamente como \u00abInformaci\u00f3n del dispositivo\u00bb.&nbsp;<\/p>\n\n\n\n<h3 class=\"wp-block-heading\">\u00bfPor qu\u00e9 y c\u00f3mo procesamos tus datos?<\/h3>\n\n\n\n<p>Procesamos solo los datos m\u00ednimos en la medida en que sea necesario para mantener el sitio web y si es el caso y nos has dado permiso, para comunicarnos contigo. La informaci\u00f3n recopilada autom\u00e1ticamente se utiliza solo para identificar casos potenciales de abuso y establecer informaci\u00f3n estad\u00edstica sobre el uso del sitio web. Esta informaci\u00f3n, la estad\u00edstica, no se agrega de tal manera que identifique a ning\u00fan usuario en particular.<\/p>\n\n\n\n<p>Puedes visitar la web sin decirnos qui\u00e9n eres ni revelar ninguna informaci\u00f3n por la cual alguien pueda identificarte como una persona espec\u00edfica.\u00a0<\/p>\n\n\n\n<p>Los datos personales que nos facilites de forma voluntaria por cualquier medio (p\u00e1gina web, correo electr\u00f3nico, formularios en papel, y\/o cualquier otro documento) ser\u00e1n incorporados en un fichero de nuestra titularidad. Trataremos la informaci\u00f3n que nos proporcionan las personas interesadas con la finalidad de realizar comunicaciones promocionales para informar sobre nuestros servicios, ofertas, promociones y art\u00edculos o contenido (newsletter, e-book), que puedan resultar de su inter\u00e9s, v\u00eda electr\u00f3nica (e-mail, SMS, Whatsapp) y\/o telef\u00f3nica.<\/p>\n\n\n\n<h3 class=\"wp-block-heading\">Tus derechos:<\/h3>\n\n\n\n<p>Si eres residente europeo, tienes los siguientes derechos relacionados con tus datos personales:<\/p>\n\n\n\n<ul class=\"wp-block-list\">\n<li>El derecho a informaci\u00f3n sobre los mismos.<\/li>\n\n\n\n<li>El derecho de acceso.<\/li>\n\n\n\n<li>El derecho a la rectificaci\u00f3n.<\/li>\n\n\n\n<li>El derecho a borrar.<\/li>\n\n\n\n<li>El derecho a restringir el procesamiento.<\/li>\n\n\n\n<li>El derecho a la portabilidad de datos.<\/li>\n\n\n\n<li>El derecho a oponerte.<\/li>\n\n\n\n<li>Derechos en relaci\u00f3n con la toma de decisiones automatizada y la elaboraci\u00f3n de perfiles.<\/li>\n<\/ul>\n\n\n\n<p>Si deseas ejercer este derecho, comun\u00edcanoslo a trav\u00e9s de la informaci\u00f3n de contacto.<\/p>\n\n\n\n<h4 class=\"wp-block-heading\">Enlaces a otros sitios web:<\/h4>\n\n\n\n<p>Nuestra web puede contener enlaces a otros sitios web que no son de nuestra propiedad ni est\u00e1n controlados por nosotros. Ten en cuenta que no somos responsables de las pr\u00e1cticas de privacidad de terceros. Te recomendamos que prestes atenci\u00f3n cuando abandones nuestro sitio web y leas las declaraciones de privacidad de cada web que pueda recopilar informaci\u00f3n personal.<\/p>\n\n\n\n<h4 class=\"wp-block-heading\">Seguridad de la informaci\u00f3n:<\/h4>\n\n\n\n<p>Aseguramos la informaci\u00f3n que proporcionas en servidores inform\u00e1ticos en un entorno controlado y seguro, protegido del acceso, uso o divulgaci\u00f3n no autorizados. Mantenemos medidas de seguridad administrativas, t\u00e9cnicas y f\u00edsicas razonables para proteger contra el acceso no autorizado, el uso, la modificaci\u00f3n y la divulgaci\u00f3n de datos personales bajo su control y custodia. Sin embargo, no se puede garantizar la transmisi\u00f3n de datos a trav\u00e9s de Internet o redes inal\u00e1mbricas.<\/p>\n\n\n\n<h4 class=\"wp-block-heading\">Divulgaci\u00f3n legal:<\/h4>\n\n\n\n<p>No divulgaremos ninguna informaci\u00f3n que recopilemos, usemos o recibamos a no ser que as\u00ed lo requiera la ley, como para cumplir con una citaci\u00f3n o un proceso legal similar, y cuando creamos de buena fe que la divulgaci\u00f3n sea necesaria para proteger nuestros derechos, proteger tu seguridad o la seguridad de los dem\u00e1s, investigar el fraude o responder a una solicitud del gobierno.<\/p>\n\n\n\n<h4 class=\"wp-block-heading\">Informaci\u00f3n de contacto:<\/h4>\n\n\n\n<p>Si deseas ponerte en contacto puedes enviarnos un correo electr\u00f3nico a&nbsp;casajardinfilou@gmail.com.<\/p>\n\n\n\n<hr class=\"wp-block-separator has-alpha-channel-opacity\"\/>\n\n\n\n<h2 class=\"wp-block-heading\">Pol\u00edtica de Cookies<\/h2>\n\n\n\n<p>En esta web se utilizan cookies para conseguir que tengas una mejor experiencia de navegaci\u00f3n y para que podamos obtener estad\u00edsticas de los usuarios y mejorar la experiencia de navegaci\u00f3n en nuestra web.<br><br>Puedes evitar la descarga de cookies a trav\u00e9s de la configuraci\u00f3n de tu navegador, evitando que las cookies se almacenen en su dispositivo.<br><br>No utilizamos ninguna informaci\u00f3n personal procedente de cookies, tan s\u00f3lo realizamos estad\u00edsticas generales de visitas.<br><br>Seg\u00fan los t\u00e9rminos incluidos en el art\u00edculo 22.2 de la Ley 34\/2002 de Servicios de la Sociedad de la Informaci\u00f3n y Comercio Electr\u00f3nico, si contin\u00faas navegando, estar\u00e1s prestando tu consentimiento para el empleo de los referidos mecanismos.<\/p>\n\n\n\n<h3 class=\"wp-block-heading\">Entidad Responsable<\/h3>\n\n\n\n<p>La entidad responsable de la recogida, procesamiento y utilizaci\u00f3n de tus datos personales, en el sentido establecido por la Ley de Protecci\u00f3n de Datos Personales es Casa-jard\u00edn Filou.<\/p>\n\n\n\n<h3 class=\"wp-block-heading\">\u00bfQu\u00e9 son las cookies?<\/h3>\n\n\n\n<p>Las cookies son un conjunto de datos que un servidor deposita en el navegador del usuario para recoger la informaci\u00f3n de registro est\u00e1ndar de Internet y la informaci\u00f3n del comportamiento de los visitantes en un sitio web. Es decir, se trata de peque\u00f1os archivos de texto que quedan almacenados en el disco duro del ordenador y que sirven para identificar al usuario cuando se conecta nuevamente al sitio web. Su objetivo es registrar la visita del usuario y guardar cierta informaci\u00f3n. Su uso es com\u00fan y frecuente en la web ya que permite a las p\u00e1ginas funcionar de manera m\u00e1s eficiente y conseguir una mayor personalizaci\u00f3n y an\u00e1lisis sobre el comportamiento del usuario.<\/p>\n\n\n\n<h3 class=\"wp-block-heading\">\u00bfQu\u00e9 tipos de cookies existen?<\/h3>\n\n\n\n<p>Las cookies utilizadas en nuestro sitio web, son de sesi\u00f3n y de terceros, y nos permiten almacenar y acceder a informaci\u00f3n relativa al idioma, el tipo de navegador utilizado, y otras caracter\u00edsticas generales predefinidas por el usuario, as\u00ed como, seguir y analizar la actividad que lleva a cabo, con el objeto de introducir mejoras y prestar nuestros servicios de una manera m\u00e1s eficiente y personalizada.<\/p>\n\n\n\n<p>Las cookies, en funci\u00f3n de su permanencia, pueden dividirse en cookies de sesi\u00f3n o permanentes. Las que expiran cuando el usuario cierra el navegador. Las que expiran en funci\u00f3n de cuando se cumpla el objetivo para el que sirven (por ejemplo, para que el usuario se mantenga identificado en los servicios de esta web) o bien cuando se borran manualmente.<\/p>\n\n\n\n<figure class=\"wp-block-table\"><table><tbody><tr><td>Nombre<\/td><td>Tipo<\/td><td>Caducidad<\/td><td>Finalidad<\/td><td>Clase<\/td><\/tr><tr><td>__utma<\/td><td>De Terceros (Google Analytics)<\/td><td>2 a\u00f1os<\/td><td>Se usa para distinguir usuarios y sesiones.<\/td><td>No Exenta<\/td><\/tr><tr><td>__utmb<\/td><td>De Terceros (Google Analytics)<\/td><td>30 minutos<\/td><td>Se usa para determinar nuevas sesiones o visitas<\/td><td>No Exenta<\/td><\/tr><tr><td>__utmc<\/td><td>De Terceros (Google Analytics)<\/td><td>Al finalizar la sesi\u00f3n<\/td><td>Se configura para su uso con Urchin<\/td><td>No Exenta<\/td><\/tr><tr><td>__utmz<\/td><td>De Terceros (Google Analytics)<\/td><td>6 meses<\/td><td>Almacena el origen o la campa\u00f1a que explica c\u00f3mo el usuario ha llegado hasta la p\u00e1gina web<\/td><td>No Exenta<\/td><\/tr><\/tbody><\/table><\/figure>\n\n\n\n<p>Adicionalmente, en funci\u00f3n de su objetivo, las cookies pueden clasificarse de la siguiente forma:<\/p>\n\n\n\n<h3 class=\"wp-block-heading\">Cookies de rendimiento<\/h3>\n\n\n\n<p>Este tipo de Cookie recuerda sus preferencias para las herramientas que se encuentran en los servicios, por lo que no tiene que volver a configurar el servicio cada vez que usted visita. A modo de ejemplo, en esta tipolog\u00eda se incluyen: Ajustes de volumen de reproductores de v\u00eddeo o sonido. Las velocidades de transmisi\u00f3n de v\u00eddeo que sean compatibles con su navegador. Los objetos guardados en el \u201ccarrito de la compra\u201d en los servicios de e-commerce tales como tiendas.<\/p>\n\n\n\n<h3 class=\"wp-block-heading\">Cookies de geo-localizaci\u00f3n<\/h3>\n\n\n\n<p>Estas cookies son utilizadas para averiguar en qu\u00e9 pa\u00eds se encuentra cuando se solicita un servicio. Esta cookie es totalmente an\u00f3nima, y s\u00f3lo se utiliza para ayudar a orientar el contenido a su ubicaci\u00f3n.<\/p>\n\n\n\n<h3 class=\"wp-block-heading\">Cookies de registro<\/h3>\n\n\n\n<p>Las cookies de registro se generan una vez que el usuario se ha registrado o posteriormente ha abierto su sesi\u00f3n, y se utilizan para identificarle en los servicios con los siguientes objetivos:<\/p>\n\n\n\n<p>Mantener al usuario identificado de forma que, si cierra un servicio, el navegador o el ordenador y en otro momento u otro d\u00eda vuelve a entrar en dicho servicio, seguir\u00e1 identificado, facilitando as\u00ed su navegaci\u00f3n sin tener que volver a identificarse. Esta funcionalidad se puede suprimir si el usuario pulsa la funcionalidad [cerrar sesi\u00f3n], de forma que esta cookie se elimina y la pr\u00f3xima vez que entre en el servicio el usuario tendr\u00e1 que iniciar sesi\u00f3n para estar identificado.<\/p>\n\n\n\n<p>Comprobar si el usuario est\u00e1 autorizado para acceder a ciertos servicios, por ejemplo, para participar en un concurso.<\/p>\n\n\n\n<p>Adicionalmente, algunos servicios pueden utilizar conectores con redes sociales tales como Facebook o Twitter. Cuando el usuario se registra en un servicio con credenciales de una red social, autoriza a la red social a guardar una Cookie persistente que recuerda su identidad y le garantiza acceso a los servicios hasta que expira. El usuario puede borrar esta Cookie y revocar el acceso a los servicios mediante redes sociales actualizando sus preferencias en la red social que espec\u00edfica.<\/p>\n\n\n\n<h3 class=\"wp-block-heading\">Cookies de anal\u00edticas<\/h3>\n\n\n\n<p>Cada vez que un usuario visita un servicio, una herramienta de un proveedor externo genera una cookie anal\u00edtica en el ordenador del usuario. Esta cookie que s\u00f3lo se genera en la visita, servir\u00e1 en pr\u00f3ximas visitas a los servicios de nuestra web para identificar de forma an\u00f3nima al visitante. Los objetivos principales que se persiguen son:<\/p>\n\n\n\n<p>Permitir la identificaci\u00f3n an\u00f3nima de los usuarios navegantes a trav\u00e9s de la cookie (identifica navegadores y dispositivos, no personas) y por lo tanto la contabilizaci\u00f3n aproximada del n\u00famero de visitantes y su tendencia en el tiempo.<br>Identificar de forma an\u00f3nima los contenidos m\u00e1s visitados y por lo tanto m\u00e1s atractivos para los usuarios Saber si el usuario que est\u00e1 accediendo es nuevo o repite visita.<\/p>\n\n\n\n<p>Importante: Salvo que el usuario decida registrarse en un servicio de nuestra web, la cookie nunca ir\u00e1 asociada a ning\u00fan dato de car\u00e1cter personal que pueda identificarle. Dichas cookies s\u00f3lo ser\u00e1n utilizadas con prop\u00f3sitos estad\u00edsticos que ayuden a la optimizaci\u00f3n de la experiencia de los usuarios en el sitio.<\/p>\n\n\n\n<h3 class=\"wp-block-heading\">Cookies de publicidad<\/h3>\n\n\n\n<p>Este tipo de cookies podr\u00edan permitir ampliar la informaci\u00f3n de los anuncios mostrados a cada usuario an\u00f3nimo en los servicios de una web. Entre otros, almacenan la duraci\u00f3n o frecuencia de visualizaci\u00f3n de posiciones publicitarias, la interacci\u00f3n con las mismas, o los patrones de navegaci\u00f3n y\/o comportamientos del usuario ya que ayudan a conformar un perfil de inter\u00e9s publicitario. De este modo, permiten ofrecer publicidad af\u00edn a los intereses del usuario.<\/p>\n\n\n\n<h3 class=\"wp-block-heading\">\u00bfC\u00f3mo puedo deshabilitar las cookies en mi navegador?<\/h3>\n\n\n\n<p>Se pueden configurar los diferentes navegadores para avisar al usuario de la recepci\u00f3n de cookies y, si se desea, impedir su instalaci\u00f3n en el equipo. Asimismo, el usuario puede revisar en su navegador qu\u00e9 cookies tiene instaladas y cu\u00e1l es el plazo de caducidad de las mismas, pudiendo eliminarlas.<\/p>\n\n\n\n<p>Para ampliar esta informaci\u00f3n consulte las instrucciones y manuales de su navegador:<\/p>\n\n\n\n<p>Para m\u00e1s informaci\u00f3n sobre la administraci\u00f3n de las cookies en Google Chrome:&nbsp;<a href=\"https:\/\/support.google.com\/chrome\/answer\/95647?hl=es\" target=\"_blank\" rel=\"noreferrer noopener\">https:\/\/support.google.com\/chrome\/answer\/95647?hl=es<\/a><\/p>\n\n\n\n<p>Para m\u00e1s informaci\u00f3n sobre la administraci\u00f3n de las cookies en Internet Explorer:&nbsp;<a href=\"http:\/\/windows.microsoft.com\/es-es\/windows-vista\/cookies-frequently-asked-questions\" target=\"_blank\" rel=\"noreferrer noopener\">http:\/\/windows.microsoft.com\/es-es\/windows-vista\/cookies-frequently-asked-questions<\/a><\/p>\n\n\n\n<p>Para m\u00e1s informaci\u00f3n sobre la administraci\u00f3n de las cookies en Mozilla Firefox:&nbsp;<a href=\"http:\/\/support.mozilla.org\/es\/kb\/habilitar-y-deshabilitar-cookies-que-los-sitios-we%20\" target=\"_blank\" rel=\"noreferrer noopener\">http:\/\/support.mozilla.org\/es\/kb\/habilitar-y-deshabilitar-cookies-que-los-sitios-we<\/a><\/p>\n\n\n\n<p>Para m\u00e1s informaci\u00f3n sobre la administraci\u00f3n de las cookies en Safari:&nbsp;<a href=\"http:\/\/www.apple.com\/es\/privacy\/use-of-cookies\/%20\" target=\"_blank\" rel=\"noreferrer noopener\">http:\/\/www.apple.com\/es\/privacy\/use-of-cookies\/<\/a><\/p>\n\n\n\n<p>Para m\u00e1s informaci\u00f3n sobre la administraci\u00f3n de las cookies en Opera:&nbsp;<a href=\"http:\/\/help.opera.com\/Windows\/11.50\/es-ES\/cookies.html\" target=\"_blank\" rel=\"noreferrer noopener\">http:\/\/help.opera.com\/Windows\/11.50\/es-ES\/cookies.html<\/a><\/p>\n\n\n\n<p>Si desea dejar de ser seguido por Google Analytics visite:&nbsp;<a href=\"http:\/\/tools.google.com\/dlpage\/gaoptout\" target=\"_blank\" rel=\"noreferrer noopener\">http:\/\/tools.google.com\/dlpage\/gaoptout<\/a><\/p>\n\n\n\n<h3 class=\"wp-block-heading\">Para saber m\u00e1s sobre las cookies<\/h3>\n\n\n\n<p>Puede obtener m\u00e1s informaci\u00f3n sobre la publicidad online basada en el comportamiento y la privacidad online en el siguiente enlace:&nbsp;<a href=\"http:\/\/www.youronlinechoices.com\/es\/\" target=\"_blank\" rel=\"noreferrer noopener\">http:\/\/www.youronlinechoices.com\/es\/<\/a><\/p>\n\n\n\n<p>Protecci\u00f3n de datos de Google Analytics:&nbsp;<a href=\"http:\/\/www.google.com\/analytics\/learn\/privacy.html\" target=\"_blank\" rel=\"noreferrer noopener\">http:\/\/www.google.com\/analytics\/learn\/privacy.html<\/a><\/p>\n\n\n\n<p>C\u00f3mo usa Google Analytics las cookies:&nbsp;<a href=\"https:\/\/developers.google.com\/analytics\/devguides\/collection\/analyticsjs\/cookie-usage?hl=es#analyticsjs\" target=\"_blank\" rel=\"noreferrer noopener\">https:\/\/developers.google.com\/analytics\/devguides\/collection\/analyticsjs\/cookie-usage?hl=es#analyticsjs<\/a><\/p>\n\n\n\n<h3 class=\"wp-block-heading\">Actualizaciones y cambios en la pol\u00edtica de privacidad\/cookies<\/h3>\n\n\n\n<p>Nuestra web puede modificar esta Pol\u00edtica de Cookies en funci\u00f3n de exigencias legislativas, reglamentarias, o con la finalidad de adaptar dicha pol\u00edtica a las instrucciones dictadas por la Agencia Espa\u00f1ola de Protecci\u00f3n de Datos, por ello se aconseja a los usuarios que la visiten peri\u00f3dicamente.<\/p>\n\n\n\n<p>Cuando se produzcan cambios significativos en esta Pol\u00edtica de Cookies, estos se comunicar\u00e1n a los usuarios mediante la web.<\/p>\n\n<\/div>","protected":false},"excerpt":{"rendered":"<p>Politique de confidentialit\u00e9 et cookies Le site planetafilou.com est la propri\u00e9t\u00e9 de Casa-jardin Filou. Nous avons adopt\u00e9 la pr\u00e9sente politique de confidentialit\u00e9, qui d\u00e9finit la mani\u00e8re dont nous traitons les informations collect\u00e9es sur ce site web et explique les raisons pour lesquelles nous collectons certaines donn\u00e9es. Vous devez donc lire cette politique de confidentialit\u00e9 avant d'utiliser ce site web. Nous nous soucions de votre ... <a title=\"Politique de confidentialit\u00e9 et cookies\" class=\"read-more\" href=\"https:\/\/planetafilou.com\/fr\/politique-en-matiere-de-protection-de-la-vie-privee-et-de-cookies\/\" aria-label=\"En savoir plus sur la politique en mati\u00e8re de confidentialit\u00e9 et de cookies\">En savoir plus<\/a><\/p>","protected":false},"author":1,"featured_media":0,"parent":0,"menu_order":7,"comment_status":"closed","ping_status":"closed","template":"","meta":{"footnotes":""},"class_list":["post-3","page","type-page","status-publish"],"_links":{"self":[{"href":"https:\/\/planetafilou.com\/fr\/wp-json\/wp\/v2\/pages\/3","targetHints":{"allow":["GET"]}}],"collection":[{"href":"https:\/\/planetafilou.com\/fr\/wp-json\/wp\/v2\/pages"}],"about":[{"href":"https:\/\/planetafilou.com\/fr\/wp-json\/wp\/v2\/types\/page"}],"author":[{"embeddable":true,"href":"https:\/\/planetafilou.com\/fr\/wp-json\/wp\/v2\/users\/1"}],"replies":[{"embeddable":true,"href":"https:\/\/planetafilou.com\/fr\/wp-json\/wp\/v2\/comments?post=3"}],"version-history":[{"count":0,"href":"https:\/\/planetafilou.com\/fr\/wp-json\/wp\/v2\/pages\/3\/revisions"}],"wp:attachment":[{"href":"https:\/\/planetafilou.com\/fr\/wp-json\/wp\/v2\/media?parent=3"}],"curies":[{"name":"wp","href":"https:\/\/api.w.org\/{rel}","templated":true}]}}