{"id":752,"date":"2024-04-04T12:21:23","date_gmt":"2024-04-04T10:21:23","guid":{"rendered":"https:\/\/gpsites.co\/lens\/?page_id=752"},"modified":"2025-04-20T01:17:42","modified_gmt":"2025-04-19T23:17:42","slug":"casa-jardin-filou","status":"publish","type":"page","link":"https:\/\/planetafilou.com\/fr\/","title":{"rendered":"Maison\u2e3bgarden Filou+ (en anglais)"},"content":{"rendered":"<div class=\"gb-container gb-container-b2026cdb\">\n<div class=\"gb-container gb-container-845db794 sticky\">\n<div class=\"gb-container gb-container-00f9b71a\">\n\n<a class=\"gb-button gb-button-cfbc0449\" href=\"https:\/\/wa.me\/+34665245704\" target=\"_blank\" rel=\"noopener noreferrer\"><span class=\"gb-icon\"><svg viewbox=\"0 0 24 24\" height=\"24\" width=\"24\" xmlns=\"http:\/\/www.w3.org\/2000\/svg\"><path d=\"M24 10h-10v-10h-4v10h-10v4h10v10h4v-10h10z\"><\/path><\/svg><\/span><span class=\"gb-button-text\">informations et r\u00e9servations<\/span><\/a>\n\n\n\n<a class=\"gb-button gb-button-080b8d11\" href=\"#wow-modal-id-3\" target=\"_blank\" rel=\"noopener noreferrer\"><span class=\"gb-icon\"><svg viewbox=\"0 0 24 24\" height=\"24\" width=\"24\" xmlns=\"http:\/\/www.w3.org\/2000\/svg\"><path d=\"M24 10h-10v-10h-4v10h-10v4h10v10h4v-10h10z\"><\/path><\/svg><\/span><span class=\"gb-button-text\">Voulez-vous appartenir \u00e0 cette plan\u00e8te ?<\/span><\/a>\n\n<\/div>\n<\/div>\n\n<div class=\"gb-container gb-container-e3612e7a\">\n<div class=\"gb-container gb-container-9768ce7b\">\n\n<h1 class=\"gb-headline gb-headline-53921eb3 gb-headline-text\">H\u00e9bergement, ateliers, discussions, bi\u00e8res belges et autres raret\u00e9s<\/h1>\n\n\n\n<h2 class=\"gb-headline gb-headline-fb8e0cfc gb-headline-text\">Filou est une maison invent\u00e9e au milieu d'une vall\u00e9e. Filou est un jardin parmi les pins, les amandiers et les oliviers, les ch\u00e8vrefeuilles sauvages, les figuiers de pays. Filou est un atelier d'artiste entour\u00e9 de renards, blaireaux, chouettes et \u00e9cureuils. <\/h2>\n\n\n\n<p class=\"gb-headline gb-headline-ec544f17 gb-headline-text\">Filou est une plan\u00e8te, une id\u00e9e, un concept, un mode de vie : la nature. Marcher. Contempler. Lire. Cr\u00e9er. Ne rien faire. Rires, roses et rencontres. Un oiseau chante. F\u00eates de fin d'ann\u00e9e. Pleine lune. Se baigner dans la rivi\u00e8re. Parler sur les coudes. Paresse. Livres, vin et bi\u00e8re : bi\u00e8re belge, f\u00eate et sieste, Maria Luisa, r\u00e9unions amusantes, peindre un tableau, s'allonger sur l'herbe.<\/p>\n\n\n<div class=\"gb-grid-wrapper gb-grid-wrapper-95bb4b1e\">\n<div class=\"gb-grid-column gb-grid-column-751ae71a\"><div class=\"gb-container gb-container-751ae71a\"><\/div><\/div>\n\n<div class=\"gb-grid-column gb-grid-column-7ecd2d08\"><div class=\"gb-container gb-container-7ecd2d08\"><\/div><\/div>\n\n<div class=\"gb-grid-column gb-grid-column-1ee30de7\"><div class=\"gb-container gb-container-1ee30de7\"><\/div><\/div>\n\n<div class=\"gb-grid-column gb-grid-column-e3a57c2f\"><div class=\"gb-container gb-container-e3a57c2f\"><\/div><\/div>\n<\/div>\n\n\n<p class=\"gb-headline gb-headline-6a6988bf gb-headline-text\">\"A Filou\" est une personne espi\u00e8gle, car le concept de malice nous repr\u00e9sente : Filou est l'\u00e9norme malice d'une femme d'origine belge, qui a transform\u00e9 cinq corrals abandonn\u00e9s en un centre de formation. <strong><mark style=\"background-color:rgba(0, 0, 0, 0)\" class=\"has-inline-color has-contrast-color\">un beau jardin avec une maison<\/mark><\/strong>.&nbsp;<\/p>\n\n\n\n<h2 class=\"gb-headline gb-headline-775e04d4 gb-headline-text\">Bienvenue sur la plan\u00e8te Filou. Bienvenue dans la maison des esprits libres.<\/h2>\n\n<\/div>\n\n<div class=\"gb-container gb-container-ba052b7c\">\n<div class=\"gb-grid-wrapper gb-grid-wrapper-21691a2e\">\n<div class=\"gb-grid-column gb-grid-column-31f4660c\"><div class=\"gb-container gb-container-31f4660c\">\n<div class=\"gb-container gb-container-e9d40556\"><\/div>\n\n<div class=\"gb-container gb-container-2a3fe616\">\n\n<h2 class=\"gb-headline gb-headline-c1c90fec gb-headline-text\">Nous aimons<\/h2>\n\n<\/div>\n<\/div><\/div>\n\n<div class=\"gb-grid-column gb-grid-column-05842962\"><div class=\"gb-container gb-container-05842962\">\n<div class=\"gb-container gb-container-9ee428a9\">\n\n<figure class=\"gb-block-image gb-block-image-83f06d82\"><img loading=\"lazy\" decoding=\"async\" width=\"546\" height=\"862\" class=\"gb-image gb-image-83f06d82\" src=\"https:\/\/planetafilou.com\/archivos\/icono_filou.png\" alt=\"\" title=\"icon_filou\" srcset=\"https:\/\/planetafilou.com\/archivos\/icono_filou.png 546w, https:\/\/planetafilou.com\/archivos\/icono_filou-190x300.png 190w, https:\/\/planetafilou.com\/archivos\/icono_filou-8x12.png 8w\" sizes=\"auto, (max-width: 546px) 100vw, 546px\" \/><\/figure>\n\n<\/div>\n\n<div class=\"gb-container gb-container-b1c2a350\">\n\n<h3 class=\"gb-headline gb-headline-bccd6c90 gb-headline-text\">Le petit renard Filou <\/h3>\n\n\n\n<p class=\"has-base-3-color has-text-color has-link-color wp-elements-9c2be6b1cad18c5210ad11d139068bf0\">\u2e3b Dessin\u00e9 par Rafael QV \u00e0 5 ans<\/p>\n\n<\/div>\n<\/div><\/div>\n\n<div class=\"gb-grid-column gb-grid-column-2cb0557b\"><div class=\"gb-container gb-container-2cb0557b\">\n<div class=\"gb-container gb-container-c76325d4\"><\/div>\n\n<div class=\"gb-container gb-container-741b5aa9\">\n\n<h3 class=\"gb-headline gb-headline-18655e13 gb-headline-text\">\"Si tout amour prendroye racine<br>J'en planteroye dans mon Jardin\".<\/h3>\n\n\n\n<p class=\"has-base-3-color has-text-color has-link-color wp-elements-dd47204ae36b62d8a7b6cb25cbdab8b3\">\u2e3b Hugo Claus, De Metsiers<\/p>\n\n<\/div>\n<\/div><\/div>\n\n<div class=\"gb-grid-column gb-grid-column-15fd6c84\"><div class=\"gb-container gb-container-15fd6c84\">\n<div class=\"gb-container gb-container-400438ed\"><\/div>\n\n<div class=\"gb-container gb-container-ce327f30\">\n\n<h3 class=\"gb-headline gb-headline-95ef63cd gb-headline-text\">\"Mon corps est mort, mais je suis vivant et en pleine forme.\"<\/h3>\n\n\n\n<p class=\"has-base-3-color has-text-color has-link-color wp-elements-9c22697680334bea3d61c51b261573f5\">\u2e3b Arno Hintjes, chanteur<\/p>\n\n<\/div>\n<\/div><\/div>\n\n<div class=\"gb-grid-column gb-grid-column-e4d4003a\"><div class=\"gb-container gb-container-e4d4003a\">\n<div class=\"gb-container gb-container-125aabcf\"><\/div>\n\n<div class=\"gb-container gb-container-b916857f\">\n\n<h3 class=\"gb-headline gb-headline-0ee2f33c gb-headline-text\">\"L'importance de faire des erreurs pour apprendre et prendre des chemins inattendus sans craindre le risque\".<\/h3>\n\n\n\n<p class=\"has-base-3-color has-text-color has-link-color wp-elements-d5490caded362e2373ab7067e6b01397\">\u2e3b Le Petit Prince. Antoine de Saint-Exup\u00e9ry<\/p>\n\n<\/div>\n<\/div><\/div>\n\n<div class=\"gb-grid-column gb-grid-column-802dfa0d\"><div class=\"gb-container gb-container-802dfa0d\">\n<div class=\"gb-container gb-container-c46bce96\"><\/div>\n\n<div class=\"gb-container gb-container-c2a00ea9\">\n\n<h3 class=\"gb-headline gb-headline-4000aa73 gb-headline-text\">Refuge pour l'\u00e9criture<\/h3>\n\n\n\n<p class=\"has-base-3-color has-text-color has-link-color wp-elements-6985b0b709b0b36c87ce05a2940f8c33\">\u2e3b <a href=\"https:\/\/lacasadebelmonte.com\/\" target=\"_blank\" rel=\"noopener\">La maison de Belmonte<\/a><\/p>\n\n<\/div>\n<\/div><\/div>\n<\/div>\n<\/div>\n\n<div class=\"gb-container gb-container-80c0d9e4\">\n\n<div class=\"wp-block-group\"><div class=\"wp-block-group__inner-container is-layout-constrained wp-container-core-group-is-layout-4b07d187 wp-block-group-is-layout-constrained\">\n<h2 class=\"gb-headline gb-headline-f804d761 gb-headline-text\"><\/h2>\n\n\n\n<h3 class=\"gb-headline gb-headline-e1a0000c gb-headline-text\">\u2e3b <a href=\"https:\/\/wa.me\/+34665245704\" target=\"_blank\" rel=\"noopener\">Informations et r\u00e9servations<\/a><\/h3>\n\n\n\n<p><\/p>\n\n\n\n<h3 class=\"gb-headline gb-headline-7d790779 gb-headline-text\">\u2e3b <a href=\"#wow-modal-id-3\">Voulez-vous appartenir \u00e0 cette plan\u00e8te ?<\/a><\/h3>\n<\/div><\/div>\n\n<\/div>\n\n<div class=\"gb-container gb-container-505f8b08\">\n\n<figure class=\"wp-block-image size-large\"><img loading=\"lazy\" decoding=\"async\" width=\"1625\" height=\"151\" src=\"https:\/\/planetafilou.com\/archivos\/Logo-kit-digital_next-generation.svg\" alt=\"Kit num\u00e9rique\" class=\"wp-image-1379\"\/><\/figure>\n\n<\/div>\n<\/div>\n<\/div>","protected":false},"excerpt":{"rendered":"<p>H\u00e9bergement, ateliers, rencontres, bi\u00e8res belges et autres bizarreries Filou est une maison invent\u00e9e au milieu d'une vall\u00e9e. Filou est un jardin parmi les pins, les amandiers et les oliviers, les ch\u00e8vrefeuilles sauvages, les figuiers de pays. Filou est un atelier d'artiste entour\u00e9 de renards, de blaireaux, de chouettes et d'\u00e9cureuils. Filou, c'est une plan\u00e8te, une id\u00e9e, un concept, une fa\u00e7on de ... <a title=\"Maison\u2e3bgarden Filou+ (en anglais)\" class=\"read-more\" href=\"https:\/\/planetafilou.com\/fr\/\" aria-label=\"Plus d&#039;informations sur Casa\u2e3bjardin Filou+ (en anglais)\">En savoir plus<\/a><\/p>","protected":false},"author":1,"featured_media":1938,"parent":0,"menu_order":0,"comment_status":"closed","ping_status":"closed","template":"","meta":{"footnotes":""},"class_list":["post-752","page","type-page","status-publish","has-post-thumbnail"],"_links":{"self":[{"href":"https:\/\/planetafilou.com\/fr\/wp-json\/wp\/v2\/pages\/752","targetHints":{"allow":["GET"]}}],"collection":[{"href":"https:\/\/planetafilou.com\/fr\/wp-json\/wp\/v2\/pages"}],"about":[{"href":"https:\/\/planetafilou.com\/fr\/wp-json\/wp\/v2\/types\/page"}],"author":[{"embeddable":true,"href":"https:\/\/planetafilou.com\/fr\/wp-json\/wp\/v2\/users\/1"}],"replies":[{"embeddable":true,"href":"https:\/\/planetafilou.com\/fr\/wp-json\/wp\/v2\/comments?post=752"}],"version-history":[{"count":1,"href":"https:\/\/planetafilou.com\/fr\/wp-json\/wp\/v2\/pages\/752\/revisions"}],"predecessor-version":[{"id":2542,"href":"https:\/\/planetafilou.com\/fr\/wp-json\/wp\/v2\/pages\/752\/revisions\/2542"}],"wp:featuredmedia":[{"embeddable":true,"href":"https:\/\/planetafilou.com\/fr\/wp-json\/wp\/v2\/media\/1938"}],"wp:attachment":[{"href":"https:\/\/planetafilou.com\/fr\/wp-json\/wp\/v2\/media?parent=752"}],"curies":[{"name":"wp","href":"https:\/\/api.w.org\/{rel}","templated":true}]}}